{"id":1622,"date":"2023-12-18T13:57:39","date_gmt":"2023-12-18T12:57:39","guid":{"rendered":"https:\/\/www.rhonevignobles.fr\/?page_id=1622"},"modified":"2023-12-18T14:24:37","modified_gmt":"2023-12-18T13:24:37","slug":"home-2","status":"publish","type":"page","link":"https:\/\/www.rhonevignobles.fr\/en\/home-2\/","title":{"rendered":"Home"},"content":{"rendered":"<p>[et_pb_section fb_built=&#8221;1&#8243; custom_padding_last_edited=&#8221;on|phone&#8221; disabled_on=&#8221;off|off|off&#8221; _builder_version=&#8221;4.21.0&#8243; _module_preset=&#8221;default&#8221; custom_padding_tablet=&#8221;&#8221; custom_padding_phone=&#8221;35px||0px||false|false&#8221; global_colors_info=&#8221;{}&#8221;][et_pb_row _builder_version=&#8221;4.21.0&#8243; _module_preset=&#8221;default&#8221; width=&#8221;90%&#8221; max_width=&#8221;2560px&#8221; module_alignment=&#8221;center&#8221; global_colors_info=&#8221;{}&#8221;][et_pb_column type=&#8221;4_4&#8243; _builder_version=&#8221;4.21.0&#8243; _module_preset=&#8221;default&#8221; global_colors_info=&#8221;{}&#8221;][et_pb_text _builder_version=&#8221;4.21.0&#8243; _module_preset=&#8221;default&#8221; background_image=&#8221;https:\/\/www.rhonevignobles.fr\/wp-content\/uploads\/2023\/12\/Rhone-vignobles-degustation-toulouse-1.jpg&#8221; background_enable_video_mp4=&#8221;off&#8221; min_height_tablet=&#8221;&#8221; min_height_phone=&#8221;&#8221; min_height_last_edited=&#8221;on|phone&#8221; background_last_edited=&#8221;on|desktop&#8221; background_video_mp4_phone=&#8221;https:\/\/ib7jubbrpd.preview.infomaniak.website\/wp-content\/uploads\/2023\/09\/ANIMATION-ACCUEIL-25s-IPHONE.mp4&#8243; background_enable_video_mp4_phone=&#8221;on&#8221; custom_css_main_element=&#8221;aspect-ratio: 16\/9;&#8221; global_colors_info=&#8221;{}&#8221; custom_css_main_element_last_edited=&#8221;on|desktop&#8221; custom_css_main_element_phone=&#8221;aspect-ratio: 2\/3;&#8221; custom_css_main_element_tablet=&#8221;aspect-ratio: 16\/9;&#8221;][\/et_pb_text][et_pb_text _builder_version=&#8221;4.21.0&#8243; _module_preset=&#8221;default&#8221; max_width=&#8221;630px&#8221; module_alignment=&#8221;center&#8221; global_colors_info=&#8221;{}&#8221;]<\/p>\n<h1 style=\"text-align: center;\">D\u00e9gustation off \u2022 Wine Paris <\/h1>\n<p style=\"text-align: center;\">Venez d\u00e9guster, le mardi 13 f\u00e9vrier 2024, aupr\u00e8s des vignerons de <a href=\"https:\/\/www.rhonevignobles.fr\/\">Rh\u00f4ne Vignobles<\/a>. <br \/>Cette d\u00e9gustation aura lieu en hors les murs \u00e0 la Brasserie <a href=\"https:\/\/www.grandcoeur.paris\/\">GrandC\u0153ur<\/a> \u00e0 Paris de 15h \u00e0 20h, dans le cadre du Salon <a href=\"https:\/\/event.wineparis-vinexpo.com\/2024\/\">WineParis<\/a>.\u00a0<br \/>R\u00e9serv\u00e9 aux professionnels, cet \u00e9v\u00e9nement vous invite \u00e0 plonger dans l&#8217;univers des vignerons et d\u00e9couvrir leurs cuv\u00e9es.<\/p>\n<p>[\/et_pb_text][\/et_pb_column][\/et_pb_row][\/et_pb_section][et_pb_section fb_built=&#8221;1&#8243; custom_padding_last_edited=&#8221;on|desktop&#8221; module_class=&#8221;white-text&#8221; _builder_version=&#8221;4.21.0&#8243; _module_preset=&#8221;default&#8221; background_image=&#8221;https:\/\/www.rhonevignobles.fr\/wp-content\/uploads\/2023\/08\/bandeau-accueil.jpg&#8221; custom_padding=&#8221;225px||250px||false|false&#8221; custom_padding_tablet=&#8221;75px||75px||false|false&#8221; custom_padding_phone=&#8221;75px||75px||false|false&#8221; global_colors_info=&#8221;{}&#8221;][et_pb_row _builder_version=&#8221;4.21.0&#8243; _module_preset=&#8221;default&#8221; global_colors_info=&#8221;{}&#8221;][et_pb_column type=&#8221;4_4&#8243; _builder_version=&#8221;4.21.0&#8243; _module_preset=&#8221;default&#8221; global_colors_info=&#8221;{}&#8221;][et_pb_text _builder_version=&#8221;4.21.0&#8243; _module_preset=&#8221;default&#8221; max_width=&#8221;510px&#8221; module_alignment=&#8221;center&#8221; global_colors_info=&#8221;{}&#8221;]<\/p>\n<h2 style=\"text-align: center;\">R\u00e9server votre place<\/h2>\n<p style=\"text-align: center;\">\u00c9v\u00e9nement gratuit, entr\u00e9e sous pr\u00e9sentation de votre billet, strictement r\u00e9serv\u00e9 aux professionnels.<\/p>\n<p>[\/et_pb_text][et_pb_code _builder_version=&#8221;4.21.0&#8243; _module_preset=&#8221;default&#8221; global_colors_info=&#8221;{}&#8221;]<a title=\"Logiciel billetterie en ligne\"<!-- [et_pb_line_break_holder] --> href=&#8221;https:\/\/widget.weezevent.com\/ticket\/E1075372\/?code=14397&#038;locale=fr-FR&#038;width_auto=1&#038;color_primary=0032FA&#8221;<!-- [et_pb_line_break_holder] --> class=&#8221;weezevent-widget-integration&#8221;<!-- [et_pb_line_break_holder] --> data-src=&#8221;https:\/\/widget.weezevent.com\/ticket\/E1075372\/?code=14397&#038;locale=fr-FR&#038;width_auto=1&#038;color_primary=0032FA&#8221;<!-- [et_pb_line_break_holder] -->  data-id=&#8221;1075372&#8243;<!-- [et_pb_line_break_holder] --> data-resize=&#8221;1&#8243;<!-- [et_pb_line_break_holder] --> data-width_auto=&#8221;1&#8243;<!-- [et_pb_line_break_holder] --> data-noscroll=&#8221;0&#8243;<!-- [et_pb_line_break_holder] --> data-use-container=&#8221;yes&#8221;<!-- [et_pb_line_break_holder] --> data-type=&#8221;neo&#8221;<!-- [et_pb_line_break_holder] --> target=&#8221;_blank&#8221;>Billetterie Weezevent<\/a><!-- [et_pb_line_break_holder] --><script type=\"text\/javascript\" src=\"https:\/\/widget.weezevent.com\/weez.js\"><\/script>[\/et_pb_code][et_pb_code _builder_version=&#8221;4.21.0&#8243; _module_preset=&#8221;default&#8221; global_colors_info=&#8221;{}&#8221;][\/et_pb_code][\/et_pb_column][\/et_pb_row][\/et_pb_section][et_pb_section fb_built=&#8221;1&#8243; custom_padding_last_edited=&#8221;on|desktop&#8221; _builder_version=&#8221;4.21.0&#8243; _module_preset=&#8221;default&#8221; custom_padding=&#8221;0px||||false|false&#8221; custom_padding_tablet=&#8221;||0px||false|false&#8221; custom_padding_phone=&#8221;||0px||false|false&#8221; locked=&#8221;off&#8221; global_colors_info=&#8221;{}&#8221;][et_pb_row column_structure=&#8221;1_2,1_2&#8243; _builder_version=&#8221;4.21.0&#8243; _module_preset=&#8221;default&#8221; max_width=&#8221;1640px&#8221; animation_style=&#8221;slide&#8221; animation_direction=&#8221;bottom&#8221; animation_duration=&#8221;750ms&#8221; animation_intensity_slide=&#8221;30%&#8221; global_colors_info=&#8221;{}&#8221;][et_pb_column type=&#8221;1_2&#8243; _builder_version=&#8221;4.21.0&#8243; _module_preset=&#8221;default&#8221; global_colors_info=&#8221;{}&#8221;][et_pb_image src=&#8221;https:\/\/www.rhonevignobles.fr\/wp-content\/uploads\/2023\/09\/rhone-vignoble-groupe.png&#8221; module_class=&#8221;custom-size&#8221; _builder_version=&#8221;4.21.0&#8243; _module_preset=&#8221;default&#8221; global_colors_info=&#8221;{}&#8221;][\/et_pb_image][\/et_pb_column][et_pb_column type=&#8221;1_2&#8243; _builder_version=&#8221;4.21.0&#8243; _module_preset=&#8221;default&#8221; global_colors_info=&#8221;{}&#8221;][et_pb_text module_class=&#8221;custom-text-left&#8221; _builder_version=&#8221;4.21.0&#8243; _module_preset=&#8221;default&#8221; max_width=&#8221;675px&#8221; custom_padding=&#8221;40px|50px|40px|50px|true|true&#8221; global_colors_info=&#8221;{}&#8221;]<\/p>\n<h2 style=\"text-align: center;\">Nous sommes un collectif vigneron fond\u00e9 en 1991<\/h2>\n<p style=\"text-align: center;\">Douze domaines, et plus de trente ans d\u2019aventures communes. Ce qui nous lie depuis toujours, c\u2019est un fleuve. Et beaucoup d\u2019envies. Partager un esprit de curiosit\u00e9, des valeurs et des exp\u00e9riences. \u00c9changer pour progresser. Voyager pour apprendre. Se donner confiance. Passer de bons moments autour de nos vins. Et puis les faire conna\u00eetre\u2026 Mais plus encore\u2026<\/p>\n<p>[\/et_pb_text][et_pb_image src=&#8221;https:\/\/www.rhonevignobles.fr\/wp-content\/uploads\/2023\/09\/illustrations-vignerons-4.png&#8221; title_text=&#8221;illustrations-vignerons-4&#8243; align=&#8221;center&#8221; align_tablet=&#8221;center&#8221; align_phone=&#8221;center&#8221; align_last_edited=&#8221;on|desktop&#8221; _builder_version=&#8221;4.21.0&#8243; _module_preset=&#8221;default&#8221; global_colors_info=&#8221;{}&#8221;][\/et_pb_image][\/et_pb_column][\/et_pb_row][\/et_pb_section][et_pb_section fb_built=&#8221;1&#8243; _builder_version=&#8221;4.21.0&#8243; _module_preset=&#8221;default&#8221; custom_padding=&#8221;0px||0px||false|false&#8221; global_colors_info=&#8221;{}&#8221;][et_pb_row _builder_version=&#8221;4.21.0&#8243; _module_preset=&#8221;default&#8221; width=&#8221;100%&#8221; max_width=&#8221;2560px&#8221; min_height=&#8221;350px&#8221; custom_padding=&#8221;0px||0px||false|false&#8221; global_colors_info=&#8221;{}&#8221;][et_pb_column type=&#8221;4_4&#8243; _builder_version=&#8221;4.21.0&#8243; _module_preset=&#8221;default&#8221; background_enable_image=&#8221;off&#8221; global_colors_info=&#8221;{}&#8221;][et_pb_slider show_pagination=&#8221;off&#8221; arrows_custom_color=&#8221;#215464&#8243; dot_nav_custom_color=&#8221;#C7C7C7&#8243; _builder_version=&#8221;4.21.0&#8243; _module_preset=&#8221;default&#8221; background_enable_image=&#8221;off&#8221; min_height=&#8221;750px&#8221; min_height_tablet=&#8221;500px&#8221; min_height_phone=&#8221;350px&#8221; min_height_last_edited=&#8221;on|desktop&#8221; custom_padding=&#8221;||245px|||&#8221; auto=&#8221;on&#8221; auto_speed=&#8221;5000&#8243; auto_ignore_hover=&#8221;on&#8221; global_colors_info=&#8221;{}&#8221;][et_pb_slide _builder_version=&#8221;4.21.0&#8243; _module_preset=&#8221;default&#8221; background_image=&#8221;https:\/\/www.rhonevignobles.fr\/wp-content\/uploads\/2023\/09\/rhone-vignoble-illus-slide-11.jpg&#8221; background_enable_image=&#8221;on&#8221; global_colors_info=&#8221;{}&#8221; sticky_transition=&#8221;on&#8221;][\/et_pb_slide][et_pb_slide _builder_version=&#8221;4.21.0&#8243; _module_preset=&#8221;default&#8221; background_image=&#8221;https:\/\/www.rhonevignobles.fr\/wp-content\/uploads\/2023\/09\/rhone-vignoble-illus-slide-10.jpg&#8221; background_enable_image=&#8221;on&#8221; global_colors_info=&#8221;{}&#8221; sticky_transition=&#8221;on&#8221;][\/et_pb_slide][et_pb_slide _builder_version=&#8221;4.21.0&#8243; _module_preset=&#8221;default&#8221; background_image=&#8221;https:\/\/www.rhonevignobles.fr\/wp-content\/uploads\/2023\/09\/rhone-vignoble-illus-slide-9.jpg&#8221; background_enable_image=&#8221;on&#8221; global_colors_info=&#8221;{}&#8221; sticky_transition=&#8221;on&#8221;][\/et_pb_slide][et_pb_slide _builder_version=&#8221;4.21.0&#8243; _module_preset=&#8221;default&#8221; background_image=&#8221;https:\/\/www.rhonevignobles.fr\/wp-content\/uploads\/2023\/09\/rhone-vignoble-illus-slide-8.jpg&#8221; background_enable_image=&#8221;on&#8221; global_colors_info=&#8221;{}&#8221; sticky_transition=&#8221;on&#8221;][\/et_pb_slide][et_pb_slide _builder_version=&#8221;4.21.0&#8243; _module_preset=&#8221;default&#8221; background_image=&#8221;https:\/\/www.rhonevignobles.fr\/wp-content\/uploads\/2023\/09\/rhone-vignoble-illus-slide-7.jpg&#8221; background_enable_image=&#8221;on&#8221; global_colors_info=&#8221;{}&#8221; sticky_transition=&#8221;on&#8221;][\/et_pb_slide][et_pb_slide _builder_version=&#8221;4.21.0&#8243; _module_preset=&#8221;default&#8221; background_image=&#8221;https:\/\/www.rhonevignobles.fr\/wp-content\/uploads\/2023\/09\/rhone-vignoble-illus-slide-5.jpg&#8221; background_enable_image=&#8221;on&#8221; global_colors_info=&#8221;{}&#8221; sticky_transition=&#8221;on&#8221;][\/et_pb_slide][et_pb_slide _builder_version=&#8221;4.21.0&#8243; _module_preset=&#8221;default&#8221; background_image=&#8221;https:\/\/www.rhonevignobles.fr\/wp-content\/uploads\/2023\/09\/rhone-vignoble-illus-slide-4.jpg&#8221; background_enable_image=&#8221;on&#8221; global_colors_info=&#8221;{}&#8221; sticky_transition=&#8221;on&#8221;][\/et_pb_slide][et_pb_slide _builder_version=&#8221;4.21.0&#8243; _module_preset=&#8221;default&#8221; background_image=&#8221;https:\/\/www.rhonevignobles.fr\/wp-content\/uploads\/2023\/09\/rhone-vignoble-illus-slide-3.jpg&#8221; background_enable_image=&#8221;on&#8221; global_colors_info=&#8221;{}&#8221; sticky_transition=&#8221;on&#8221;][\/et_pb_slide][et_pb_slide _builder_version=&#8221;4.21.0&#8243; _module_preset=&#8221;default&#8221; background_image=&#8221;https:\/\/www.rhonevignobles.fr\/wp-content\/uploads\/2023\/09\/rhone-vignoble-illus-slide-2.jpg&#8221; background_enable_image=&#8221;on&#8221; global_colors_info=&#8221;{}&#8221; sticky_transition=&#8221;on&#8221;][\/et_pb_slide][\/et_pb_slider][\/et_pb_column][\/et_pb_row][\/et_pb_section][et_pb_section fb_built=&#8221;1&#8243; _builder_version=&#8221;4.21.0&#8243; _module_preset=&#8221;default&#8221; global_colors_info=&#8221;{}&#8221;][et_pb_row _builder_version=&#8221;4.21.0&#8243; _module_preset=&#8221;default&#8221; global_colors_info=&#8221;{}&#8221;][et_pb_column type=&#8221;4_4&#8243; _builder_version=&#8221;4.21.0&#8243; _module_preset=&#8221;default&#8221; global_colors_info=&#8221;{}&#8221;][et_pb_text _builder_version=&#8221;4.21.0&#8243; _module_preset=&#8221;default&#8221; max_width=&#8221;640px&#8221; module_alignment=&#8221;center&#8221; global_colors_info=&#8221;{}&#8221;]<\/p>\n<h2 style=\"text-align: center;\">Carte du vignoble de<br \/>la vall\u00e9e du Rh\u00f4ne<\/h2>\n<p style=\"text-align: center;\">Douze vignerons &amp; vigneronnes situ\u00e9s du Nord au Sud de la Vall\u00e9e du Rh\u00f4ne reli\u00e9s par le fleuve, par l\u2019\u00e9nergie du groupe et par la force d\u2019un m\u00eame amour de la vigne.<\/p>\n<p>[\/et_pb_text][\/et_pb_column][\/et_pb_row][et_pb_row column_structure=&#8221;1_2,1_2&#8243; _builder_version=&#8221;4.21.0&#8243; _module_preset=&#8221;default&#8221; global_colors_info=&#8221;{}&#8221;][et_pb_column type=&#8221;1_2&#8243; _builder_version=&#8221;4.21.0&#8243; _module_preset=&#8221;default&#8221; global_colors_info=&#8221;{}&#8221;][et_pb_text admin_label=&#8221;Texte&#8221; module_id=&#8221;carte&#8221; _builder_version=&#8221;4.21.0&#8243; _module_preset=&#8221;default&#8221; global_colors_info=&#8221;{}&#8221;]<\/p>\n<div id=\"image-map-pro-3599\"><\/div>\n<p>[\/et_pb_text][\/et_pb_column][et_pb_column type=&#8221;1_2&#8243; _builder_version=&#8221;4.21.0&#8243; _module_preset=&#8221;default&#8221; global_colors_info=&#8221;{}&#8221;][et_pb_text module_class=&#8221;custom-map-menu &#8221; _builder_version=&#8221;4.21.0&#8243; _module_preset=&#8221;default&#8221; global_colors_info=&#8221;{}&#8221;]<\/p>\n<p><a href=\"https:\/\/ib7jubbrpd.preview.infomaniak.website\/domaines_caves\/domaine-jean-michel-gerin\/\">Domaine Jean-Michel Gerin<\/a><\/p>\n<p><a href=\"https:\/\/ib7jubbrpd.preview.infomaniak.website\/domaines_caves\/domaine-francois-villard\/\">Domaine Fran\u00e7ois Villard<\/a><\/p>\n<p><a href=\"https:\/\/ib7jubbrpd.preview.infomaniak.website\/domaines_caves\/domaine-yves-cuilleron\/\">Domaine Cuilleron<\/a><\/p>\n<p><a href=\"https:\/\/ib7jubbrpd.preview.infomaniak.website\/domaines_caves\/domaine-louis-cheze\/\">Louis Cheze<\/a><\/p>\n<p><a href=\"https:\/\/ib7jubbrpd.preview.infomaniak.website\/domaines_caves\/domaine-alain-graillot\/\">Domaine Alain Graillot<\/a><\/p>\n<p><a href=\"https:\/\/ib7jubbrpd.preview.infomaniak.website\/domaines_caves\/domaine-combier\/\">Domaine Combier<\/a><\/p>\n<p><a href=\"https:\/\/ib7jubbrpd.preview.infomaniak.website\/domaines_caves\/domaine-courbis\/\">Domaine Courbis<\/a><\/p>\n<p><a href=\"https:\/\/ib7jubbrpd.preview.infomaniak.website\/domaines_caves\/domaine-alain-voge\/\">Domaine Alain Voge<\/a><\/p>\n<p><a href=\"https:\/\/ib7jubbrpd.preview.infomaniak.website\/domaines_caves\/domaine-de-montvac\/\">Domaine de Montvac<\/a><\/p>\n<p><a href=\"https:\/\/ib7jubbrpd.preview.infomaniak.website\/domaines_caves\/domaine-de-la-janasse\/\">Domaine de la Janasse<\/a><\/p>\n<p><a href=\"https:\/\/ib7jubbrpd.preview.infomaniak.website\/domaines_caves\/domaine-de-beaurenard\/\">Domaine de Beaurenard<\/a><\/p>\n<p><a href=\"https:\/\/ib7jubbrpd.preview.infomaniak.website\/domaines_caves\/domaine-revelette\/\">Ch\u00e2teau Revelette<\/a><\/p>\n<p>[\/et_pb_text][\/et_pb_column][\/et_pb_row][\/et_pb_section][et_pb_section fb_built=&#8221;1&#8243; _builder_version=&#8221;4.21.0&#8243; _module_preset=&#8221;default&#8221; global_colors_info=&#8221;{}&#8221;][et_pb_row _builder_version=&#8221;4.21.0&#8243; _module_preset=&#8221;default&#8221; global_colors_info=&#8221;{}&#8221;][et_pb_column type=&#8221;4_4&#8243; _builder_version=&#8221;4.21.0&#8243; _module_preset=&#8221;default&#8221; global_colors_info=&#8221;{}&#8221;][et_pb_text _builder_version=&#8221;4.21.0&#8243; _module_preset=&#8221;default&#8221; max_width=&#8221;640px&#8221; module_alignment=&#8221;center&#8221; global_colors_info=&#8221;{}&#8221;]<\/p>\n<h2 style=\"text-align: center;\">Les vigneron-ne-s<\/h2>\n<p style=\"text-align: center;\">Vigneronnes, vignerons, couples, fratries. \u00c9parpill\u00e9s du Nord au Sud de la vall\u00e9e, mais reli\u00e9s par la l\u00e9gende d\u2019un fleuve et la force d\u2019un m\u00eame amour de la vigne.<\/p>\n<p>[\/et_pb_text][et_pb_button button_url=&#8221;@ET-DC@eyJkeW5hbWljIjp0cnVlLCJjb250ZW50IjoicG9zdF9saW5rX3VybF9wYWdlIiwic2V0dGluZ3MiOnsicG9zdF9pZCI6IjQwIn19@&#8221; button_text=&#8221;Discover our estates &amp; wineries&#8221; button_alignment=&#8221;center&#8221; _builder_version=&#8221;4.21.0&#8243; _dynamic_attributes=&#8221;button_url&#8221; _module_preset=&#8221;default&#8221; global_colors_info=&#8221;{}&#8221;][\/et_pb_button][\/et_pb_column][\/et_pb_row][\/et_pb_section]<\/p>\n","protected":false},"excerpt":{"rendered":"<p>D\u00e9gustation off \u2022 Wine Paris Venez d\u00e9guster, le mardi 13 f\u00e9vrier 2024, aupr\u00e8s des vignerons de Rh\u00f4ne Vignobles. Cette d\u00e9gustation aura lieu en hors les murs \u00e0 la Brasserie GrandC\u0153ur \u00e0 Paris de 15h \u00e0 20h, dans le cadre du Salon WineParis.\u00a0R\u00e9serv\u00e9 aux professionnels, cet \u00e9v\u00e9nement vous invite \u00e0 plonger dans l&#8217;univers des vignerons et [&hellip;]<\/p>\n","protected":false},"author":2,"featured_media":0,"parent":0,"menu_order":0,"comment_status":"closed","ping_status":"closed","template":"templates\/tpl-home.php","meta":{"_seopress_robots_primary_cat":"","_et_pb_use_builder":"on","_et_pb_old_content":"","_et_gb_content_width":"","inline_featured_image":false},"folder":[],"acf":[],"_links":{"self":[{"href":"https:\/\/www.rhonevignobles.fr\/en\/wp-json\/wp\/v2\/pages\/1622"}],"collection":[{"href":"https:\/\/www.rhonevignobles.fr\/en\/wp-json\/wp\/v2\/pages"}],"about":[{"href":"https:\/\/www.rhonevignobles.fr\/en\/wp-json\/wp\/v2\/types\/page"}],"author":[{"embeddable":true,"href":"https:\/\/www.rhonevignobles.fr\/en\/wp-json\/wp\/v2\/users\/2"}],"replies":[{"embeddable":true,"href":"https:\/\/www.rhonevignobles.fr\/en\/wp-json\/wp\/v2\/comments?post=1622"}],"version-history":[{"count":12,"href":"https:\/\/www.rhonevignobles.fr\/en\/wp-json\/wp\/v2\/pages\/1622\/revisions"}],"predecessor-version":[{"id":1643,"href":"https:\/\/www.rhonevignobles.fr\/en\/wp-json\/wp\/v2\/pages\/1622\/revisions\/1643"}],"wp:attachment":[{"href":"https:\/\/www.rhonevignobles.fr\/en\/wp-json\/wp\/v2\/media?parent=1622"}],"wp:term":[{"taxonomy":"folder","embeddable":true,"href":"https:\/\/www.rhonevignobles.fr\/en\/wp-json\/wp\/v2\/folder?post=1622"}],"curies":[{"name":"wp","href":"https:\/\/api.w.org\/{rel}","templated":true}]}}