{"id":1910,"date":"2025-07-29T11:56:16","date_gmt":"2025-07-29T09:56:16","guid":{"rendered":"https:\/\/www.rhonevignobles.fr\/?page_id=1910"},"modified":"2025-07-29T11:56:17","modified_gmt":"2025-07-29T09:56:17","slug":"home-3","status":"publish","type":"page","link":"https:\/\/www.rhonevignobles.fr\/en\/home-3\/","title":{"rendered":"Home"},"content":{"rendered":"<p>[et_pb_section fb_built=&#8221;1&#8243; custom_padding_last_edited=&#8221;on|phone&#8221; disabled_on=&#8221;off|off|off&#8221; _builder_version=&#8221;4.21.0&#8243; _module_preset=&#8221;default&#8221; custom_padding_tablet=&#8221;&#8221; custom_padding_phone=&#8221;35px||0px||false|false&#8221; global_colors_info=&#8221;{}&#8221;][et_pb_row _builder_version=&#8221;4.21.0&#8243; _module_preset=&#8221;default&#8221; width=&#8221;90%&#8221; max_width=&#8221;2560px&#8221; module_alignment=&#8221;center&#8221; global_colors_info=&#8221;{}&#8221;][et_pb_column type=&#8221;4_4&#8243; _builder_version=&#8221;4.21.0&#8243; _module_preset=&#8221;default&#8221; global_colors_info=&#8221;{}&#8221;][et_pb_text _builder_version=&#8221;4.21.0&#8243; _module_preset=&#8221;default&#8221; background_image=&#8221;https:\/\/www.rhonevignobles.fr\/wp-content\/uploads\/2023\/12\/Rhone-vignobles-degustation-toulouse-1.jpg&#8221; background_enable_video_mp4=&#8221;off&#8221; min_height_tablet=&#8221;&#8221; min_height_phone=&#8221;&#8221; min_height_last_edited=&#8221;on|phone&#8221; background_last_edited=&#8221;on|desktop&#8221; background_video_mp4_phone=&#8221;https:\/\/ib7jubbrpd.preview.infomaniak.website\/wp-content\/uploads\/2023\/09\/ANIMATION-ACCUEIL-25s-IPHONE.mp4&#8243; background_enable_video_mp4_phone=&#8221;on&#8221; custom_css_main_element=&#8221;aspect-ratio: 16\/9;&#8221; global_colors_info=&#8221;{}&#8221; custom_css_main_element_last_edited=&#8221;on|desktop&#8221; custom_css_main_element_phone=&#8221;aspect-ratio: 2\/3;&#8221; custom_css_main_element_tablet=&#8221;aspect-ratio: 16\/9;&#8221;][\/et_pb_text][et_pb_text _builder_version=&#8221;4.21.0&#8243; _module_preset=&#8221;default&#8221; max_width=&#8221;630px&#8221; module_alignment=&#8221;center&#8221; custom_padding=&#8221;||0px|||&#8221; global_colors_info=&#8221;{}&#8221;]<\/p>\n<h1 style=\"text-align: center;\">D\u00e9gustation off \u2022 Wine Paris<\/h1>\n<h1 style=\"text-align: center;\"><span style=\"font-size: x-large;\">Le mardi 11 f\u00e9vrier de 16h \u00e0 19h<\/span><\/h1>\n<p style=\"text-align: center;\">Venez d\u00e9guster, aupr\u00e8s des vignerons de <a href=\"https:\/\/www.rhonevignobles.fr\/\">Rh\u00f4ne Vignobles<\/a>.<br \/>Cette d\u00e9gustation aura lieu en plein c\u0153ur de Paris <a href=\"https:\/\/www.caves-legrand.com\/le-restaurant\">Comptoir des Caves Legrand \u2022 Galerie Vivienne<\/a>\u00a0dans le cadre de WineParis.<br \/>R\u00e9serv\u00e9 aux professionnels, cet \u00e9v\u00e9nement vous invite \u00e0 plonger dans l&#8217;univers des vignerons et d\u00e9couvrir leurs cuv\u00e9es.<\/p>\n<p>[\/et_pb_text][et_pb_button button_url=&#8221;https:\/\/www.rhonevignobles.fr\/en\/home-2\/#info&#8221; button_text=&#8221;Informations pratiques&#8221; button_alignment=&#8221;center&#8221; disabled_on=&#8221;off|off|off&#8221; _builder_version=&#8221;4.21.0&#8243; _module_preset=&#8221;default&#8221; locked=&#8221;off&#8221; global_colors_info=&#8221;{}&#8221;][\/et_pb_button][\/et_pb_column][\/et_pb_row][\/et_pb_section][et_pb_section fb_built=&#8221;1&#8243; custom_padding_last_edited=&#8221;on|desktop&#8221; module_class=&#8221;white-text&#8221; _builder_version=&#8221;4.21.0&#8243; _module_preset=&#8221;default&#8221; background_image=&#8221;https:\/\/www.rhonevignobles.fr\/wp-content\/uploads\/2023\/08\/bandeau-accueil.jpg&#8221; custom_padding=&#8221;225px||250px||false|false&#8221; custom_padding_tablet=&#8221;75px||75px||false|false&#8221; custom_padding_phone=&#8221;75px||75px||false|false&#8221; global_colors_info=&#8221;{}&#8221;][et_pb_row _builder_version=&#8221;4.21.0&#8243; _module_preset=&#8221;default&#8221; global_colors_info=&#8221;{}&#8221;][et_pb_column type=&#8221;4_4&#8243; _builder_version=&#8221;4.21.0&#8243; _module_preset=&#8221;default&#8221; global_colors_info=&#8221;{}&#8221;][et_pb_text _builder_version=&#8221;4.21.0&#8243; _module_preset=&#8221;default&#8221; max_width=&#8221;510px&#8221; module_alignment=&#8221;center&#8221; global_colors_info=&#8221;{}&#8221;]<\/p>\n<h2 style=\"text-align: center;\">R\u00e9server votre place<\/h2>\n<p style=\"text-align: center;\">\u00c9v\u00e9nement gratuit, entr\u00e9e sous pr\u00e9sentation de votre billet, strictement r\u00e9serv\u00e9 aux professionnels.<br \/>\n<span class=\"gemino-card-content\" style=\"color: #f7f7f7;\">\u00a0Comptoir des Caves Legrand, 1 Rue de la Banque, 75002 Paris France <\/span><br \/>\n<span class=\"gemino-card-content\" style=\"color: #f7f7f7;\">Le 11 f\u00e9vrier 2025 de 16:00 \u00e0 19:00<\/span><\/p>\n<p>[\/et_pb_text][et_pb_code _builder_version=&#8221;4.21.0&#8243; _module_preset=&#8221;default&#8221; hover_enabled=&#8221;0&#8243; global_colors_info=&#8221;{}&#8221; raw_content__hover_enabled=&#8221;on|desktop&#8221; sticky_enabled=&#8221;0&#8243;]<a title=\"Logiciel billetterie en ligne\"<!-- [et_pb_line_break_holder] --> href=&#8221;https:\/\/widget.weezevent.com\/ticket\/E1266128\/?code=37231&#038;locale=fr-FR&#038;width_auto=1&#038;color_primary=015667&#8243;<!-- [et_pb_line_break_holder] --> class=&#8221;weezevent-widget-integration&#8221;<!-- [et_pb_line_break_holder] --> data-src=&#8221;https:\/\/widget.weezevent.com\/ticket\/E1266128\/?code=37231&#038;locale=fr-FR&#038;width_auto=1&#038;color_primary=015667&#8243;<!-- [et_pb_line_break_holder] -->  data-id=&#8221;1266128&#8243;<!-- [et_pb_line_break_holder] --> data-resize=&#8221;1&#8243;<!-- [et_pb_line_break_holder] --> data-width_auto=&#8221;1&#8243;<!-- [et_pb_line_break_holder] --> data-noscroll=&#8221;0&#8243;<!-- [et_pb_line_break_holder] --> data-use-container=&#8221;yes&#8221;<!-- [et_pb_line_break_holder] --> data-type=&#8221;neo&#8221;<!-- [et_pb_line_break_holder] --> target=&#8221;_blank&#8221;>Billetterie Weezevent<\/a><!-- [et_pb_line_break_holder] --><script type=\"text\/javascript\" src=\"https:\/\/widget.weezevent.com\/weez.js\"><\/script>[\/et_pb_code][\/et_pb_column][\/et_pb_row][\/et_pb_section][et_pb_section fb_built=&#8221;1&#8243; custom_padding_last_edited=&#8221;on|desktop&#8221; _builder_version=&#8221;4.21.0&#8243; _module_preset=&#8221;default&#8221; custom_padding=&#8221;0px||||false|false&#8221; custom_padding_tablet=&#8221;||0px||false|false&#8221; custom_padding_phone=&#8221;||0px||false|false&#8221; locked=&#8221;off&#8221; global_colors_info=&#8221;{}&#8221;][et_pb_row column_structure=&#8221;1_2,1_2&#8243; _builder_version=&#8221;4.21.0&#8243; _module_preset=&#8221;default&#8221; max_width=&#8221;1640px&#8221; animation_style=&#8221;slide&#8221; animation_direction=&#8221;bottom&#8221; animation_duration=&#8221;750ms&#8221; animation_intensity_slide=&#8221;30%&#8221; global_colors_info=&#8221;{}&#8221;][et_pb_column type=&#8221;1_2&#8243; _builder_version=&#8221;4.21.0&#8243; _module_preset=&#8221;default&#8221; global_colors_info=&#8221;{}&#8221;][et_pb_image src=&#8221;https:\/\/www.rhonevignobles.fr\/wp-content\/uploads\/2025\/01\/illus-degus-wineparis.jpg&#8221; title_text=&#8221;illus-degus-wineparis&#8221; module_class=&#8221;custom-size&#8221; _builder_version=&#8221;4.21.0&#8243; _module_preset=&#8221;default&#8221; global_colors_info=&#8221;{}&#8221;][\/et_pb_image][\/et_pb_column][et_pb_column type=&#8221;1_2&#8243; _builder_version=&#8221;4.21.0&#8243; _module_preset=&#8221;default&#8221; global_colors_info=&#8221;{}&#8221;][et_pb_text module_class=&#8221;custom-text-left&#8221; _builder_version=&#8221;4.21.0&#8243; _module_preset=&#8221;default&#8221; max_width=&#8221;675px&#8221; custom_padding=&#8221;40px|50px|40px|50px|true|true&#8221; global_colors_info=&#8221;{}&#8221;]<\/p>\n<h2 style=\"text-align: center;\">D\u00e9gustation de 16h \u00e0 19h au Comptoir des Caves Legrand<\/h2>\n<p style=\"text-align: center;\">Les Caves Legrand, situ\u00e9es au 1, Rue de la Banque, incarnent l\u2019excellence viticole au c\u0153ur de Paris depuis 1880. Port\u00e9es par l\u2019h\u00e9ritage de Lucien Legrand, pionnier du m\u00e9tier de caviste, et par sa fille Francine, qui a sublim\u00e9 l\u2019\u00e9l\u00e9gance du lieu, les Caves Legrand sont une vitrine des meilleurs terroirs viticoles Fran\u00e7ais. Dans ce cadre raffin\u00e9, chaque visite raconte l\u2019histoire d\u2019une passion familiale et d\u2019un engagement unique envers les vignerons.<\/p>\n<p>[\/et_pb_text][et_pb_button button_url=&#8221;@ET-DC@eyJkeW5hbWljIjp0cnVlLCJjb250ZW50IjoicG9zdF9saW5rX3VybF9wYWdlIiwic2V0dGluZ3MiOnsicG9zdF9pZCI6IjQwIn19@&#8221; button_text=&#8221;Discover our estates &amp; wineries&#8221; button_alignment=&#8221;center&#8221; disabled_on=&#8221;on|on|on&#8221; _builder_version=&#8221;4.21.0&#8243; _dynamic_attributes=&#8221;button_url&#8221; _module_preset=&#8221;default&#8221; disabled=&#8221;on&#8221; global_colors_info=&#8221;{}&#8221;][\/et_pb_button][\/et_pb_column][\/et_pb_row][\/et_pb_section][et_pb_section fb_built=&#8221;1&#8243; module_id=&#8221;info&#8221; _builder_version=&#8221;4.21.0&#8243; _module_preset=&#8221;default&#8221; global_colors_info=&#8221;{}&#8221;][et_pb_row _builder_version=&#8221;4.21.0&#8243; _module_preset=&#8221;default&#8221; custom_margin=&#8221;22px|auto||auto||&#8221; global_colors_info=&#8221;{}&#8221;][et_pb_column type=&#8221;4_4&#8243; _builder_version=&#8221;4.21.0&#8243; _module_preset=&#8221;default&#8221; global_colors_info=&#8221;{}&#8221;][et_pb_text _builder_version=&#8221;4.21.0&#8243; _module_preset=&#8221;default&#8221; max_width=&#8221;640px&#8221; module_alignment=&#8221;center&#8221; global_colors_info=&#8221;{}&#8221;]<\/p>\n<h2 style=\"text-align: center;\">Informations pratiques<\/h2>\n<p style=\"text-align: center;\"><span class=\"gemino-card-content\">Comptoir des Caves Legrand,<br \/>1 Rue de la Banque, 75002 Paris<br \/>France<\/span><\/p>\n<p style=\"text-align: center;\">Le 11 f\u00e9vrier 2024 de 16:00 \u00e0 19:00<\/p>\n<p style=\"text-align: center;\"><span class=\"gemino-card-content\"><strong class=\"text-content-primary\">En m\u00e9tro<\/strong><br \/>Ligne 3\u00a0: Bourse<br \/>Ligne 9\u00a0: Grands Boulevards<br \/>Ligne 9\u00a0: Richelieu Drouot<br \/>Ligne 1\u00a0: Palais Royal<\/span><\/p>\n<p style=\"text-align: center;\"><strong>Itin\u00e9raire :\u00a0<\/strong><br \/><a href=\"https:\/\/www.google.com\/maps\/dir\/Paris+Expo+Porte+de+Versailles,+Place+de+la+Porte+de+Versailles,+Paris\/1+Rue+de+la+Banque,+75002+Paris\/@48.8528093,2.2710225,13z\/data=!3m1!4b1!4m14!4m13!1m5!1m1!1s0x47e6707227dc3507:0xb95e16217b96a221!2m2!1d2.2904507!2d48.8300389!1m5!1m1!1s0x47e66fe8c8933bf5:0x4f6c15a0aebf58f3!2m2!1d2.3398251!2d48.866354!3e3?entry=ttu&amp;g_ep=EgoyMDI1MDExMC4wIKXMDSoASAFQAw%3D%3D\">WineParis =&gt; Comptoir des Caves Legrand<\/a><\/p>\n<p>[\/et_pb_text][et_pb_image src=&#8221;https:\/\/www.rhonevignobles.fr\/wp-content\/uploads\/2023\/12\/Capture-decran-2023-12-22-a-10.58.03.png&#8221; title_text=&#8221;Capture d\u2019e\u0301cran 2023-12-22 a\u0300 10.58.03&#8243; align=&#8221;center&#8221; disabled_on=&#8221;on|on|on&#8221; admin_label=&#8221;Image&#8221; _builder_version=&#8221;4.21.0&#8243; _module_preset=&#8221;default&#8221; width=&#8221;26%&#8221; max_width=&#8221;25%&#8221; disabled=&#8221;on&#8221; global_colors_info=&#8221;{}&#8221;][\/et_pb_image][et_pb_code _builder_version=&#8221;4.21.0&#8243; _module_preset=&#8221;default&#8221; text_orientation=&#8221;center&#8221; global_colors_info=&#8221;{}&#8221;]<iframe src=\"https:\/\/www.google.com\/maps\/embed?pb=!1m28!1m12!1m3!1d42004.531692760225!2d2.2710224530181145!3d48.8528092607043!2m3!1f0!2f0!3f0!3m2!1i1024!2i768!4f13.1!4m13!3e3!4m5!1s0x47e6707227dc3507%3A0xb95e16217b96a221!2sParis%20Expo%20Porte%20de%20Versailles%2C%20Place%20de%20la%20Porte%20de%20Versailles%2C%20Paris!3m2!1d48.8300389!2d2.2904507!4m5!1s0x47e66fe8c8933bf5%3A0x4f6c15a0aebf58f3!2s1%20Rue%20de%20la%20Banque%2C%2075002%20Paris!3m2!1d48.866354!2d2.3398251!5e0!3m2!1sfr!2sfr!4v1737015688330!5m2!1sfr!2sfr\" width=\"600\" height=\"450\" style=\"border:0;\" allowfullscreen=\"\" loading=\"lazy\" referrerpolicy=\"no-referrer-when-downgrade\"><\/iframe>[\/et_pb_code][\/et_pb_column][\/et_pb_row][\/et_pb_section][et_pb_section fb_built=&#8221;1&#8243; _builder_version=&#8221;4.21.0&#8243; _module_preset=&#8221;default&#8221; global_colors_info=&#8221;{}&#8221;][et_pb_row _builder_version=&#8221;4.21.0&#8243; _module_preset=&#8221;default&#8221; custom_margin=&#8221;22px|auto||auto||&#8221; global_colors_info=&#8221;{}&#8221;][et_pb_column type=&#8221;4_4&#8243; _builder_version=&#8221;4.21.0&#8243; _module_preset=&#8221;default&#8221; global_colors_info=&#8221;{}&#8221;][et_pb_text _builder_version=&#8221;4.21.0&#8243; _module_preset=&#8221;default&#8221; max_width=&#8221;640px&#8221; module_alignment=&#8221;center&#8221; global_colors_info=&#8221;{}&#8221;]<\/p>\n<h2 style=\"text-align: center;\">Les vigneron-ne-s<\/h2>\n<p style=\"text-align: center;\">Vigneronnes, vignerons, couples, fratries. \u00c9parpill\u00e9s du Nord au Sud de la vall\u00e9e, mais reli\u00e9s par la l\u00e9gende d\u2019un fleuve et la force d\u2019un m\u00eame amour de la vigne.<\/p>\n<p>[\/et_pb_text][et_pb_button button_url=&#8221;@ET-DC@eyJkeW5hbWljIjp0cnVlLCJjb250ZW50IjoicG9zdF9saW5rX3VybF9wYWdlIiwic2V0dGluZ3MiOnsicG9zdF9pZCI6IjQwIn19@&#8221; button_text=&#8221;Discover our estates &amp; wineries&#8221; button_alignment=&#8221;center&#8221; _builder_version=&#8221;4.21.0&#8243; _dynamic_attributes=&#8221;button_url&#8221; _module_preset=&#8221;default&#8221; global_colors_info=&#8221;{}&#8221;][\/et_pb_button][\/et_pb_column][\/et_pb_row][\/et_pb_section][et_pb_section fb_built=&#8221;1&#8243; _builder_version=&#8221;4.21.0&#8243; _module_preset=&#8221;default&#8221; custom_padding=&#8221;0px||0px||false|false&#8221; global_colors_info=&#8221;{}&#8221;][et_pb_row _builder_version=&#8221;4.21.0&#8243; _module_preset=&#8221;default&#8221; width=&#8221;100%&#8221; max_width=&#8221;2560px&#8221; min_height=&#8221;350px&#8221; custom_padding=&#8221;0px||0px||false|false&#8221; global_colors_info=&#8221;{}&#8221;][et_pb_column type=&#8221;4_4&#8243; _builder_version=&#8221;4.21.0&#8243; _module_preset=&#8221;default&#8221; background_enable_image=&#8221;off&#8221; global_colors_info=&#8221;{}&#8221;][et_pb_slider show_pagination=&#8221;off&#8221; arrows_custom_color=&#8221;#215464&#8243; dot_nav_custom_color=&#8221;#C7C7C7&#8243; _builder_version=&#8221;4.21.0&#8243; _module_preset=&#8221;default&#8221; background_enable_image=&#8221;off&#8221; min_height=&#8221;750px&#8221; min_height_tablet=&#8221;500px&#8221; min_height_phone=&#8221;350px&#8221; min_height_last_edited=&#8221;on|desktop&#8221; custom_padding=&#8221;||245px|||&#8221; auto=&#8221;on&#8221; auto_speed=&#8221;5000&#8243; auto_ignore_hover=&#8221;on&#8221; global_colors_info=&#8221;{}&#8221;][et_pb_slide _builder_version=&#8221;4.21.0&#8243; _module_preset=&#8221;default&#8221; background_image=&#8221;https:\/\/www.rhonevignobles.fr\/wp-content\/uploads\/2023\/09\/rhone-vignoble-illus-slide-11.jpg&#8221; background_enable_image=&#8221;on&#8221; global_colors_info=&#8221;{}&#8221; sticky_transition=&#8221;on&#8221;][\/et_pb_slide][et_pb_slide _builder_version=&#8221;4.21.0&#8243; _module_preset=&#8221;default&#8221; background_image=&#8221;https:\/\/www.rhonevignobles.fr\/wp-content\/uploads\/2023\/09\/rhone-vignoble-illus-slide-10.jpg&#8221; background_enable_image=&#8221;on&#8221; global_colors_info=&#8221;{}&#8221; sticky_transition=&#8221;on&#8221;][\/et_pb_slide][et_pb_slide _builder_version=&#8221;4.21.0&#8243; _module_preset=&#8221;default&#8221; background_image=&#8221;https:\/\/www.rhonevignobles.fr\/wp-content\/uploads\/2023\/09\/rhone-vignoble-illus-slide-9.jpg&#8221; background_enable_image=&#8221;on&#8221; global_colors_info=&#8221;{}&#8221; sticky_transition=&#8221;on&#8221;][\/et_pb_slide][et_pb_slide _builder_version=&#8221;4.21.0&#8243; _module_preset=&#8221;default&#8221; background_image=&#8221;https:\/\/www.rhonevignobles.fr\/wp-content\/uploads\/2023\/09\/rhone-vignoble-illus-slide-8.jpg&#8221; background_enable_image=&#8221;on&#8221; global_colors_info=&#8221;{}&#8221; sticky_transition=&#8221;on&#8221;][\/et_pb_slide][et_pb_slide _builder_version=&#8221;4.21.0&#8243; _module_preset=&#8221;default&#8221; background_image=&#8221;https:\/\/www.rhonevignobles.fr\/wp-content\/uploads\/2023\/09\/rhone-vignoble-illus-slide-7.jpg&#8221; background_enable_image=&#8221;on&#8221; global_colors_info=&#8221;{}&#8221; sticky_transition=&#8221;on&#8221;][\/et_pb_slide][et_pb_slide _builder_version=&#8221;4.21.0&#8243; _module_preset=&#8221;default&#8221; background_image=&#8221;https:\/\/www.rhonevignobles.fr\/wp-content\/uploads\/2023\/09\/rhone-vignoble-illus-slide-5.jpg&#8221; background_enable_image=&#8221;on&#8221; global_colors_info=&#8221;{}&#8221; sticky_transition=&#8221;on&#8221;][\/et_pb_slide][et_pb_slide _builder_version=&#8221;4.21.0&#8243; _module_preset=&#8221;default&#8221; background_image=&#8221;https:\/\/www.rhonevignobles.fr\/wp-content\/uploads\/2023\/09\/rhone-vignoble-illus-slide-4.jpg&#8221; background_enable_image=&#8221;on&#8221; global_colors_info=&#8221;{}&#8221; sticky_transition=&#8221;on&#8221;][\/et_pb_slide][et_pb_slide _builder_version=&#8221;4.21.0&#8243; _module_preset=&#8221;default&#8221; background_image=&#8221;https:\/\/www.rhonevignobles.fr\/wp-content\/uploads\/2023\/09\/rhone-vignoble-illus-slide-3.jpg&#8221; background_enable_image=&#8221;on&#8221; global_colors_info=&#8221;{}&#8221; sticky_transition=&#8221;on&#8221;][\/et_pb_slide][et_pb_slide _builder_version=&#8221;4.21.0&#8243; _module_preset=&#8221;default&#8221; background_image=&#8221;https:\/\/www.rhonevignobles.fr\/wp-content\/uploads\/2023\/09\/rhone-vignoble-illus-slide-2.jpg&#8221; background_enable_image=&#8221;on&#8221; global_colors_info=&#8221;{}&#8221; sticky_transition=&#8221;on&#8221;][\/et_pb_slide][\/et_pb_slider][\/et_pb_column][\/et_pb_row][\/et_pb_section][et_pb_section fb_built=&#8221;1&#8243; _builder_version=&#8221;4.21.0&#8243; _module_preset=&#8221;default&#8221; global_colors_info=&#8221;{}&#8221;][et_pb_row _builder_version=&#8221;4.21.0&#8243; _module_preset=&#8221;default&#8221; global_colors_info=&#8221;{}&#8221;][et_pb_column type=&#8221;4_4&#8243; _builder_version=&#8221;4.21.0&#8243; _module_preset=&#8221;default&#8221; global_colors_info=&#8221;{}&#8221;][et_pb_text _builder_version=&#8221;4.21.0&#8243; _module_preset=&#8221;default&#8221; max_width=&#8221;640px&#8221; module_alignment=&#8221;center&#8221; global_colors_info=&#8221;{}&#8221;]<\/p>\n<h2 style=\"text-align: center;\">Carte du vignoble de<br \/>la vall\u00e9e du Rh\u00f4ne<\/h2>\n<p style=\"text-align: center;\">Douze vignerons &amp; vigneronnes situ\u00e9s du Nord au Sud de la Vall\u00e9e du Rh\u00f4ne reli\u00e9s par le fleuve, par l\u2019\u00e9nergie du groupe et par la force d\u2019un m\u00eame amour de la vigne.<\/p>\n<p>[\/et_pb_text][\/et_pb_column][\/et_pb_row][et_pb_row column_structure=&#8221;1_2,1_2&#8243; _builder_version=&#8221;4.21.0&#8243; _module_preset=&#8221;default&#8221; global_colors_info=&#8221;{}&#8221;][et_pb_column type=&#8221;1_2&#8243; _builder_version=&#8221;4.21.0&#8243; _module_preset=&#8221;default&#8221; global_colors_info=&#8221;{}&#8221;][et_pb_text admin_label=&#8221;Texte&#8221; module_id=&#8221;carte&#8221; _builder_version=&#8221;4.21.0&#8243; _module_preset=&#8221;default&#8221; global_colors_info=&#8221;{}&#8221;]<\/p>\n<div id=\"image-map-pro-3599\"><\/div>\n<p>[\/et_pb_text][\/et_pb_column][et_pb_column type=&#8221;1_2&#8243; _builder_version=&#8221;4.21.0&#8243; _module_preset=&#8221;default&#8221; global_colors_info=&#8221;{}&#8221;][et_pb_text module_class=&#8221;custom-map-menu &#8221; _builder_version=&#8221;4.21.0&#8243; _module_preset=&#8221;default&#8221; global_colors_info=&#8221;{}&#8221;]<\/p>\n<p><a href=\"https:\/\/ib7jubbrpd.preview.infomaniak.website\/domaines_caves\/domaine-jean-michel-gerin\/\">Domaine Jean-Michel Gerin<\/a><\/p>\n<p><a href=\"https:\/\/ib7jubbrpd.preview.infomaniak.website\/domaines_caves\/domaine-francois-villard\/\">Domaine Fran\u00e7ois Villard<\/a><\/p>\n<p><a href=\"https:\/\/ib7jubbrpd.preview.infomaniak.website\/domaines_caves\/domaine-yves-cuilleron\/\">Domaine Cuilleron<\/a><\/p>\n<p><a href=\"https:\/\/ib7jubbrpd.preview.infomaniak.website\/domaines_caves\/domaine-louis-cheze\/\">Louis Cheze<\/a><\/p>\n<p><a href=\"https:\/\/ib7jubbrpd.preview.infomaniak.website\/domaines_caves\/domaine-alain-graillot\/\">Domaine Alain Graillot<\/a><\/p>\n<p><a href=\"https:\/\/ib7jubbrpd.preview.infomaniak.website\/domaines_caves\/domaine-combier\/\">Domaine Combier<\/a><\/p>\n<p><a href=\"https:\/\/ib7jubbrpd.preview.infomaniak.website\/domaines_caves\/domaine-courbis\/\">Domaine Courbis<\/a><\/p>\n<p><a href=\"https:\/\/ib7jubbrpd.preview.infomaniak.website\/domaines_caves\/domaine-alain-voge\/\">Domaine Alain Voge<\/a><\/p>\n<p><a href=\"https:\/\/ib7jubbrpd.preview.infomaniak.website\/domaines_caves\/domaine-de-montvac\/\">Domaine de Montvac<\/a><\/p>\n<p><a href=\"https:\/\/ib7jubbrpd.preview.infomaniak.website\/domaines_caves\/domaine-de-la-janasse\/\">Domaine de la Janasse<\/a><\/p>\n<p><a href=\"https:\/\/ib7jubbrpd.preview.infomaniak.website\/domaines_caves\/domaine-de-beaurenard\/\">Domaine de Beaurenard<\/a><\/p>\n<p><a href=\"https:\/\/ib7jubbrpd.preview.infomaniak.website\/domaines_caves\/domaine-revelette\/\">Ch\u00e2teau Revelette<\/a><\/p>\n<p>[\/et_pb_text][\/et_pb_column][\/et_pb_row][\/et_pb_section][et_pb_section fb_built=&#8221;1&#8243; _builder_version=&#8221;4.21.0&#8243; _module_preset=&#8221;default&#8221; global_colors_info=&#8221;{}&#8221;][et_pb_row _builder_version=&#8221;4.21.0&#8243; _module_preset=&#8221;default&#8221; global_colors_info=&#8221;{}&#8221;][et_pb_column type=&#8221;4_4&#8243; _builder_version=&#8221;4.21.0&#8243; _module_preset=&#8221;default&#8221; global_colors_info=&#8221;{}&#8221;][\/et_pb_column][\/et_pb_row][\/et_pb_section]<\/p>\n","protected":false},"excerpt":{"rendered":"<p>D\u00e9gustation off \u2022 Wine Paris Le mardi 11 f\u00e9vrier de 16h \u00e0 19h Venez d\u00e9guster, aupr\u00e8s des vignerons de Rh\u00f4ne Vignobles.Cette d\u00e9gustation aura lieu en plein c\u0153ur de Paris Comptoir des Caves Legrand \u2022 Galerie Vivienne\u00a0dans le cadre de WineParis.R\u00e9serv\u00e9 aux professionnels, cet \u00e9v\u00e9nement vous invite \u00e0 plonger dans l&#8217;univers des vignerons et d\u00e9couvrir leurs [&hellip;]<\/p>\n","protected":false},"author":2,"featured_media":0,"parent":0,"menu_order":0,"comment_status":"closed","ping_status":"closed","template":"templates\/tpl-home.php","meta":{"_seopress_robots_primary_cat":"","_et_pb_use_builder":"on","_et_pb_old_content":"","_et_gb_content_width":"","inline_featured_image":false},"folder":[],"acf":[],"_links":{"self":[{"href":"https:\/\/www.rhonevignobles.fr\/en\/wp-json\/wp\/v2\/pages\/1910"}],"collection":[{"href":"https:\/\/www.rhonevignobles.fr\/en\/wp-json\/wp\/v2\/pages"}],"about":[{"href":"https:\/\/www.rhonevignobles.fr\/en\/wp-json\/wp\/v2\/types\/page"}],"author":[{"embeddable":true,"href":"https:\/\/www.rhonevignobles.fr\/en\/wp-json\/wp\/v2\/users\/2"}],"replies":[{"embeddable":true,"href":"https:\/\/www.rhonevignobles.fr\/en\/wp-json\/wp\/v2\/comments?post=1910"}],"version-history":[{"count":3,"href":"https:\/\/www.rhonevignobles.fr\/en\/wp-json\/wp\/v2\/pages\/1910\/revisions"}],"predecessor-version":[{"id":1913,"href":"https:\/\/www.rhonevignobles.fr\/en\/wp-json\/wp\/v2\/pages\/1910\/revisions\/1913"}],"wp:attachment":[{"href":"https:\/\/www.rhonevignobles.fr\/en\/wp-json\/wp\/v2\/media?parent=1910"}],"wp:term":[{"taxonomy":"folder","embeddable":true,"href":"https:\/\/www.rhonevignobles.fr\/en\/wp-json\/wp\/v2\/folder?post=1910"}],"curies":[{"name":"wp","href":"https:\/\/api.w.org\/{rel}","templated":true}]}}